{"id":1383,"date":"2023-11-25T15:23:00","date_gmt":"2023-11-25T15:23:00","guid":{"rendered":"https:\/\/www.aguedaortega.com\/?page_id=1383"},"modified":"2023-11-25T15:27:41","modified_gmt":"2023-11-25T15:27:41","slug":"elementor-1383","status":"publish","type":"page","link":"https:\/\/www.aguedaortega.com\/?page_id=1383","title":{"rendered":"Pol\u00edtica de Cookies"},"content":{"rendered":"\t\t<div data-elementor-type=\"wp-page\" data-elementor-id=\"1383\" class=\"elementor elementor-1383\">\n\t\t\t\t\t\t\t\t\t<section class=\"elementor-section elementor-top-section elementor-element elementor-element-916fe64 elementor-section-boxed elementor-section-height-default elementor-section-height-default\" data-id=\"916fe64\" data-element_type=\"section\">\n\t\t\t\t\t\t<div class=\"elementor-container elementor-column-gap-default\">\n\t\t\t\t\t<div class=\"aux-parallax-section elementor-column elementor-col-100 elementor-top-column elementor-element elementor-element-85fc560\" data-id=\"85fc560\" data-element_type=\"column\">\n\t\t\t<div class=\"elementor-widget-wrap elementor-element-populated\">\n\t\t\t\t\t\t\t\t<div class=\"elementor-element elementor-element-b413115 elementor-widget elementor-widget-text-editor\" data-id=\"b413115\" data-element_type=\"widget\" data-widget_type=\"text-editor.default\">\n\t\t\t\t<div class=\"elementor-widget-container\">\n\t\t\t<style>\/*! elementor - v3.11.5 - 14-03-2023 *\/\n.elementor-widget-text-editor.elementor-drop-cap-view-stacked .elementor-drop-cap{background-color:#818a91;color:#fff}.elementor-widget-text-editor.elementor-drop-cap-view-framed .elementor-drop-cap{color:#818a91;border:3px solid;background-color:transparent}.elementor-widget-text-editor:not(.elementor-drop-cap-view-default) .elementor-drop-cap{margin-top:8px}.elementor-widget-text-editor:not(.elementor-drop-cap-view-default) .elementor-drop-cap-letter{width:1em;height:1em}.elementor-widget-text-editor .elementor-drop-cap{float:left;text-align:center;line-height:1;font-size:50px}.elementor-widget-text-editor .elementor-drop-cap-letter{display:inline-block}<\/style>\t\t\t\t<h1>POL\u00cdTICA DE COOKIES<\/h1><p><strong>\u00daltima actualizaci\u00f3n: 25 NOVIEMNRE 2023<\/strong><\/p><p>Esta Pol\u00edtica de Cookies explica c\u00f3mo Agueda Ortega Moreno (\u00abnosotros\u00bb, \u00abnuestro\u00bb o \u00abnos\u00bb) utiliza cookies y tecnolog\u00edas similares en nuestro sitio web [<a href=\"http:\/\/www.aguedaortegamoreno.com\/\" target=\"_new\">www.aguedaortegamoreno.com<\/a>] . Al utilizar nuestro Sitio, aceptas el uso de cookies de acuerdo con esta pol\u00edtica.<\/p><h4>\u00bfQu\u00e9 son las Cookies?<\/h4><p>Las cookies son peque\u00f1os archivos de texto que se almacenan en tu dispositivo cuando visitas un sitio web. Estos archivos contienen informaci\u00f3n que se utiliza para mejorar la experiencia del usuario y para entender c\u00f3mo los visitantes interact\u00faan con el sitio.<\/p><h4><strong>Tipos de Cookies que Utilizamos<\/strong><\/h4><h4>Cookies Esenciales<\/h4><p>Estas cookies son necesarias para el funcionamiento b\u00e1sico del Sitio y te permiten navegar y utilizar funciones esenciales. Sin estas cookies, ciertas partes del Sitio pueden no funcionar correctamente.<\/p><h4>Cookies de Rendimiento<\/h4><p>Estas cookies recopilan informaci\u00f3n sobre c\u00f3mo los visitantes utilizan el Sitio, como las p\u00e1ginas que visitan con m\u00e1s frecuencia y si experimentan alg\u00fan error. Utilizamos esta informaci\u00f3n para mejorar el rendimiento y la experiencia del usuario.<\/p><h4>Cookies de Funcionalidad<\/h4><p>Estas cookies permiten al Sitio recordar las elecciones que haces (como tu nombre de usuario, idioma o regi\u00f3n) y proporcionar funciones mejoradas y personalizadas.<\/p><h4>Cookies de Publicidad<\/h4><p>Estas cookies se utilizan para mostrar anuncios relevantes para ti y tus intereses. Tambi\u00e9n se utilizan para limitar la cantidad de veces que ves un anuncio y para medir la efectividad de las campa\u00f1as publicitarias.<\/p><h4>Control de Cookies<\/h4><p>Puedes gestionar tus preferencias de cookies a trav\u00e9s de la configuraci\u00f3n de tu navegador. Ten en cuenta que la desactivaci\u00f3n de ciertas cookies puede afectar la funcionalidad del Sitio.<\/p><h4>Consentimiento<\/h4><p>Al continuar utilizando nuestro Sitio, aceptas el uso de cookies de acuerdo con esta pol\u00edtica, a menos que hayas desactivado las cookies en la configuraci\u00f3n de tu navegador.<\/p><h4>Cambios en la Pol\u00edtica de Cookies<\/h4><p>Nos reservamos el derecho de actualizar esta pol\u00edtica de cookies en cualquier momento. La fecha de la \u00faltima actualizaci\u00f3n se indica al principio de la pol\u00edtica.<\/p><h4>Contacto<\/h4><p>Si tienes preguntas o preocupaciones sobre nuestra pol\u00edtica de cookies, por favor, ponte en contacto con Agueda Ortega Moreno a trav\u00e9s de agueda.ortegamoreno@gmail.com<\/p><p>Gracias por confiar en Agueda Ortega Moreno.<\/p>\t\t\t\t\t\t<\/div>\n\t\t\t\t<\/div>\n\t\t\t\t\t<\/div>\n\t\t<\/div>\n\t\t\t\t\t\t\t<\/div>\n\t\t<\/section>\n\t\t\t\t\t\t\t<\/div>\n\t\t","protected":false},"excerpt":{"rendered":"<p>POL\u00cdTICA DE COOKIES \u00daltima actualizaci\u00f3n: 25 NOVIEMNRE 2023 Esta Pol\u00edtica de Cookies explica c\u00f3mo Agueda Ortega Moreno (\u00abnosotros\u00bb, \u00abnuestro\u00bb o \u00abnos\u00bb) utiliza cookies y tecnolog\u00edas similares en nuestro sitio web [www.aguedaortegamoreno.com] . Al utilizar nuestro Sitio, aceptas el uso de cookies de acuerdo con esta pol\u00edtica. \u00bfQu\u00e9 son las Cookies? Las cookies son peque\u00f1os archivos [&hellip;]<\/p>\n","protected":false},"author":3,"featured_media":0,"parent":0,"menu_order":0,"comment_status":"closed","ping_status":"closed","template":"","meta":{"footnotes":""},"class_list":["post-1383","page","type-page","status-publish","hentry"],"acf":[],"_links":{"self":[{"href":"https:\/\/www.aguedaortega.com\/index.php?rest_route=\/wp\/v2\/pages\/1383","targetHints":{"allow":["GET"]}}],"collection":[{"href":"https:\/\/www.aguedaortega.com\/index.php?rest_route=\/wp\/v2\/pages"}],"about":[{"href":"https:\/\/www.aguedaortega.com\/index.php?rest_route=\/wp\/v2\/types\/page"}],"author":[{"embeddable":true,"href":"https:\/\/www.aguedaortega.com\/index.php?rest_route=\/wp\/v2\/users\/3"}],"replies":[{"embeddable":true,"href":"https:\/\/www.aguedaortega.com\/index.php?rest_route=%2Fwp%2Fv2%2Fcomments&post=1383"}],"version-history":[{"count":5,"href":"https:\/\/www.aguedaortega.com\/index.php?rest_route=\/wp\/v2\/pages\/1383\/revisions"}],"predecessor-version":[{"id":1388,"href":"https:\/\/www.aguedaortega.com\/index.php?rest_route=\/wp\/v2\/pages\/1383\/revisions\/1388"}],"wp:attachment":[{"href":"https:\/\/www.aguedaortega.com\/index.php?rest_route=%2Fwp%2Fv2%2Fmedia&parent=1383"}],"curies":[{"name":"wp","href":"https:\/\/api.w.org\/{rel}","templated":true}]}}