{"id":297,"date":"2023-03-22T17:19:51","date_gmt":"2023-03-22T17:19:51","guid":{"rendered":"http:\/\/www.aguedaortega.com\/?page_id=297"},"modified":"2023-05-09T15:13:36","modified_gmt":"2023-05-09T15:13:36","slug":"union-europea","status":"publish","type":"page","link":"https:\/\/www.aguedaortega.com\/?page_id=297","title":{"rendered":"Union Europea"},"content":{"rendered":"\t\t<div data-elementor-type=\"wp-page\" data-elementor-id=\"297\" class=\"elementor elementor-297\">\n\t\t\t\t\t\t\t\t\t<section class=\"elementor-section elementor-top-section elementor-element elementor-element-6387afd elementor-section-boxed elementor-section-height-default elementor-section-height-default\" data-id=\"6387afd\" data-element_type=\"section\" data-settings=\"{&quot;background_background&quot;:&quot;classic&quot;}\">\n\t\t\t\t\t\t<div class=\"elementor-container elementor-column-gap-default\">\n\t\t\t\t\t<div class=\"aux-parallax-section elementor-column elementor-col-100 elementor-top-column elementor-element elementor-element-96961f4\" data-id=\"96961f4\" data-element_type=\"column\">\n\t\t\t<div class=\"elementor-widget-wrap elementor-element-populated\">\n\t\t\t\t\t\t\t\t<div class=\"elementor-element elementor-element-14c1ace elementor-widget elementor-widget-image\" data-id=\"14c1ace\" data-element_type=\"widget\" data-widget_type=\"image.default\">\n\t\t\t\t<div class=\"elementor-widget-container\">\n\t\t\t<style>\/*! elementor - v3.11.5 - 14-03-2023 *\/\n.elementor-widget-image{text-align:center}.elementor-widget-image a{display:inline-block}.elementor-widget-image a img[src$=\".svg\"]{width:48px}.elementor-widget-image img{vertical-align:middle;display:inline-block}<\/style>\t\t\t\t\t\t\t\t\t\t\t\t<img decoding=\"async\" width=\"300\" height=\"81\" data-src=\"https:\/\/www.aguedaortega.com\/wp-content\/uploads\/2023\/05\/Logo-Edited.png\" class=\"attachment-medium size-medium wp-image-793 lazyload\" alt=\"\" src=\"data:image\/svg+xml;base64,PHN2ZyB3aWR0aD0iMSIgaGVpZ2h0PSIxIiB4bWxucz0iaHR0cDovL3d3dy53My5vcmcvMjAwMC9zdmciPjwvc3ZnPg==\" style=\"--smush-placeholder-width: 300px; --smush-placeholder-aspect-ratio: 300\/81;\" \/>\t\t\t\t\t\t\t\t\t\t\t\t\t\t\t<\/div>\n\t\t\t\t<\/div>\n\t\t\t\t<div class=\"elementor-element elementor-element-26ecc21 elementor-widget elementor-widget-text-editor\" data-id=\"26ecc21\" data-element_type=\"widget\" data-widget_type=\"text-editor.default\">\n\t\t\t\t<div class=\"elementor-widget-container\">\n\t\t\t<style>\/*! elementor - v3.11.5 - 14-03-2023 *\/\n.elementor-widget-text-editor.elementor-drop-cap-view-stacked .elementor-drop-cap{background-color:#818a91;color:#fff}.elementor-widget-text-editor.elementor-drop-cap-view-framed .elementor-drop-cap{color:#818a91;border:3px solid;background-color:transparent}.elementor-widget-text-editor:not(.elementor-drop-cap-view-default) .elementor-drop-cap{margin-top:8px}.elementor-widget-text-editor:not(.elementor-drop-cap-view-default) .elementor-drop-cap-letter{width:1em;height:1em}.elementor-widget-text-editor .elementor-drop-cap{float:left;text-align:center;line-height:1;font-size:50px}.elementor-widget-text-editor .elementor-drop-cap-letter{display:inline-block}<\/style>\t\t\t\t<p>\u201cAgueda Ortega ha sido beneficiaria del Fondo Europeo de Desarrollo Regional cuyo objetivo es la incorporaci\u00f3n de las TIC a la actividad habitual de las pymes y gracias al que ha realizado Dinamizaci\u00f3n de redes sociales, Presencia web a trav\u00e9s de p\u00e1gina propia, Servicio de promoci\u00f3n online mediante sistema de pago (SEM) y Desarrollo de material promocional audiovisual para uso en Internet. Con el Objetivo de impulsar la incorporaci\u00f3n de las TIC a la actividad habitual de las pymes. Desde septiembre a diciembre del 2022. Para ello ha contado con el apoyo del programa TICC\u00e1maras de la C\u00e1mara de Comercio del Campo de Gibraltar\u201d<\/p><p>Una manera de hacer Europa<\/p>\t\t\t\t\t\t<\/div>\n\t\t\t\t<\/div>\n\t\t\t\t\t<\/div>\n\t\t<\/div>\n\t\t\t\t\t\t\t<\/div>\n\t\t<\/section>\n\t\t\t\t\t\t\t<\/div>\n\t\t","protected":false},"excerpt":{"rendered":"<p>\u201cAgueda Ortega ha sido beneficiaria del Fondo Europeo de Desarrollo Regional cuyo objetivo es la incorporaci\u00f3n de las TIC a la actividad habitual de las pymes y gracias al que ha realizado Dinamizaci\u00f3n de redes sociales, Presencia web a trav\u00e9s de p\u00e1gina propia, Servicio de promoci\u00f3n online mediante sistema de pago (SEM) y Desarrollo de [&hellip;]<\/p>\n","protected":false},"author":3,"featured_media":0,"parent":0,"menu_order":0,"comment_status":"closed","ping_status":"closed","template":"elementor_header_footer","meta":{"footnotes":""},"class_list":["post-297","page","type-page","status-publish","hentry"],"acf":[],"_links":{"self":[{"href":"https:\/\/www.aguedaortega.com\/index.php?rest_route=\/wp\/v2\/pages\/297","targetHints":{"allow":["GET"]}}],"collection":[{"href":"https:\/\/www.aguedaortega.com\/index.php?rest_route=\/wp\/v2\/pages"}],"about":[{"href":"https:\/\/www.aguedaortega.com\/index.php?rest_route=\/wp\/v2\/types\/page"}],"author":[{"embeddable":true,"href":"https:\/\/www.aguedaortega.com\/index.php?rest_route=\/wp\/v2\/users\/3"}],"replies":[{"embeddable":true,"href":"https:\/\/www.aguedaortega.com\/index.php?rest_route=%2Fwp%2Fv2%2Fcomments&post=297"}],"version-history":[{"count":9,"href":"https:\/\/www.aguedaortega.com\/index.php?rest_route=\/wp\/v2\/pages\/297\/revisions"}],"predecessor-version":[{"id":796,"href":"https:\/\/www.aguedaortega.com\/index.php?rest_route=\/wp\/v2\/pages\/297\/revisions\/796"}],"wp:attachment":[{"href":"https:\/\/www.aguedaortega.com\/index.php?rest_route=%2Fwp%2Fv2%2Fmedia&parent=297"}],"curies":[{"name":"wp","href":"https:\/\/api.w.org\/{rel}","templated":true}]}}