{"id":4103,"date":"2025-08-18T13:07:11","date_gmt":"2025-08-18T13:07:11","guid":{"rendered":"https:\/\/www.aguedaortega.com\/?page_id=4103"},"modified":"2026-03-10T16:51:45","modified_gmt":"2026-03-10T16:51:45","slug":"escritura","status":"publish","type":"page","link":"https:\/\/www.aguedaortega.com\/?page_id=4103","title":{"rendered":"Escritura"},"content":{"rendered":"\t\t<div data-elementor-type=\"wp-page\" data-elementor-id=\"4103\" class=\"elementor elementor-4103\">\n\t\t\t\t\t\t\t\t\t<section class=\"elementor-section elementor-top-section elementor-element elementor-element-7ba56d8 elementor-section-boxed elementor-section-height-default elementor-section-height-default\" data-id=\"7ba56d8\" data-element_type=\"section\">\n\t\t\t\t\t\t<div class=\"elementor-container elementor-column-gap-default\">\n\t\t\t\t\t<div class=\"aux-parallax-section elementor-column elementor-col-100 elementor-top-column elementor-element elementor-element-f3c0e97\" data-id=\"f3c0e97\" data-element_type=\"column\">\n\t\t\t<div class=\"elementor-widget-wrap elementor-element-populated\">\n\t\t\t\t\t\t\t\t<div class=\"elementor-element elementor-element-ac04c6f elementor-grid-2 elementor-grid-tablet-2 elementor-grid-mobile-1 elementor-posts--thumbnail-top elementor-widget elementor-widget-posts\" data-id=\"ac04c6f\" data-element_type=\"widget\" data-settings=\"{&quot;classic_columns&quot;:&quot;2&quot;,&quot;classic_columns_tablet&quot;:&quot;2&quot;,&quot;classic_columns_mobile&quot;:&quot;1&quot;,&quot;classic_row_gap&quot;:{&quot;unit&quot;:&quot;px&quot;,&quot;size&quot;:35,&quot;sizes&quot;:[]},&quot;classic_row_gap_tablet&quot;:{&quot;unit&quot;:&quot;px&quot;,&quot;size&quot;:&quot;&quot;,&quot;sizes&quot;:[]},&quot;classic_row_gap_mobile&quot;:{&quot;unit&quot;:&quot;px&quot;,&quot;size&quot;:&quot;&quot;,&quot;sizes&quot;:[]}}\" data-widget_type=\"posts.classic\">\n\t\t\t\t<div class=\"elementor-widget-container\">\n\t\t\t<link rel=\"stylesheet\" href=\"https:\/\/www.aguedaortega.com\/wp-content\/plugins\/elementor-pro\/assets\/css\/widget-posts.min.css\">\t\t<div class=\"elementor-posts-container elementor-posts elementor-posts--skin-classic elementor-grid\">\n\t\t\t\t<article class=\"elementor-post elementor-grid-item post-5728 page type-page status-publish has-post-thumbnail hentry\">\n\t\t\t\t<a class=\"elementor-post__thumbnail__link\" href=\"https:\/\/www.aguedaortega.com\/?page_id=5728\" >\n\t\t\t<div class=\"elementor-post__thumbnail\"><img decoding=\"async\" width=\"300\" height=\"197\" data-src=\"https:\/\/www.aguedaortega.com\/wp-content\/uploads\/2026\/03\/03-Performance-Agueda-Ortega-La-Amarilla-en-la-Residencia-La-Casa-Movil-Casa-de-Artistas-Marina-Ojeda-Fotos-por-Victor-Sanchez-IMG_0601.jpg\" class=\"attachment-medium size-medium wp-image-5733 lazyload\" alt=\"\" src=\"data:image\/svg+xml;base64,PHN2ZyB3aWR0aD0iMSIgaGVpZ2h0PSIxIiB4bWxucz0iaHR0cDovL3d3dy53My5vcmcvMjAwMC9zdmciPjwvc3ZnPg==\" style=\"--smush-placeholder-width: 300px; --smush-placeholder-aspect-ratio: 300\/197;\" \/><\/div>\n\t\t<\/a>\n\t\t\t\t<div class=\"elementor-post__text\">\n\t\t\t\t<h3 class=\"elementor-post__title\">\n\t\t\t<a href=\"https:\/\/www.aguedaortega.com\/?page_id=5728\" >\n\t\t\t\tPerformance La Amarilla\t\t\t<\/a>\n\t\t<\/h3>\n\t\t\t\t<div class=\"elementor-post__meta-data\">\n\t\t\t\t\t<span class=\"elementor-post-date\">\n\t\t\t10 de marzo de 2026\t\t<\/span>\n\t\t\t\t<span class=\"elementor-post-avatar\">\n\t\t\tNo hay comentarios\t\t<\/span>\n\t\t\t\t<\/div>\n\t\t\t\t<div class=\"elementor-post__excerpt\">\n\t\t\t<p>LA AMARILLA Una investigaci\u00f3n performativa y ritual para encarnar al subcuerpo Entrar en el mundo donde las ra\u00edces crecen.Ser ra\u00edz. 2026Performance \/ Danza butoh \/<\/p>\n\t\t<\/div>\n\t\t\n\t\t<a class=\"elementor-post__read-more\" href=\"https:\/\/www.aguedaortega.com\/?page_id=5728\" >\n\t\t\tRead More \u00bb\t\t<\/a>\n\n\t\t\t\t<\/div>\n\t\t\t\t<\/article>\n\t\t\t\t<article class=\"elementor-post elementor-grid-item post-4943 post type-post status-publish format-standard has-post-thumbnail hentry category-escritura\">\n\t\t\t\t<a class=\"elementor-post__thumbnail__link\" href=\"https:\/\/www.aguedaortega.com\/?p=4943\" >\n\t\t\t<div class=\"elementor-post__thumbnail\"><img decoding=\"async\" width=\"300\" height=\"200\" data-src=\"https:\/\/www.aguedaortega.com\/wp-content\/uploads\/2026\/01\/AGUEDA-ORTEGA_Photo-Eva-Viera-performanace-MUDA-horizontal.jpg\" class=\"attachment-medium size-medium wp-image-4944 lazyload\" alt=\"\" src=\"data:image\/svg+xml;base64,PHN2ZyB3aWR0aD0iMSIgaGVpZ2h0PSIxIiB4bWxucz0iaHR0cDovL3d3dy53My5vcmcvMjAwMC9zdmciPjwvc3ZnPg==\" style=\"--smush-placeholder-width: 300px; --smush-placeholder-aspect-ratio: 300\/200;\" \/><\/div>\n\t\t<\/a>\n\t\t\t\t<div class=\"elementor-post__text\">\n\t\t\t\t<h3 class=\"elementor-post__title\">\n\t\t\t<a href=\"https:\/\/www.aguedaortega.com\/?p=4943\" >\n\t\t\t\tAmar como potencia creativa. Ensayo po\u00e9tico sobre la \u00e9tica de estar disponible.\t\t\t<\/a>\n\t\t<\/h3>\n\t\t\t\t<div class=\"elementor-post__meta-data\">\n\t\t\t\t\t<span class=\"elementor-post-date\">\n\t\t\t14 de enero de 2026\t\t<\/span>\n\t\t\t\t<span class=\"elementor-post-avatar\">\n\t\t\tNo hay comentarios\t\t<\/span>\n\t\t\t\t<\/div>\n\t\t\t\t<div class=\"elementor-post__excerpt\">\n\t\t\t<p>\u00c1gueda Ortega danzando la pieza de butoh MUDA. Foto por Eva Viera. \u00a0Mi rutina es dejar de quererte, dejar de querer.\u2028Mi rutina es amarte, amar.<\/p>\n\t\t<\/div>\n\t\t\n\t\t<a class=\"elementor-post__read-more\" href=\"https:\/\/www.aguedaortega.com\/?p=4943\" >\n\t\t\tRead More \u00bb\t\t<\/a>\n\n\t\t\t\t<\/div>\n\t\t\t\t<\/article>\n\t\t\t\t<article class=\"elementor-post elementor-grid-item post-4441 post type-post status-publish format-standard has-post-thumbnail hentry category-escritura\">\n\t\t\t\t<a class=\"elementor-post__thumbnail__link\" href=\"https:\/\/www.aguedaortega.com\/?p=4441\" >\n\t\t\t<div class=\"elementor-post__thumbnail\"><img decoding=\"async\" width=\"300\" height=\"214\" data-src=\"https:\/\/www.aguedaortega.com\/wp-content\/uploads\/2025\/08\/Recital-de-poemas-eroticos-Mistela-organizado-por-Asociacion-Cultural-A13-2.jpg\" class=\"attachment-medium size-medium wp-image-4481 lazyload\" alt=\"\" src=\"data:image\/svg+xml;base64,PHN2ZyB3aWR0aD0iMSIgaGVpZ2h0PSIxIiB4bWxucz0iaHR0cDovL3d3dy53My5vcmcvMjAwMC9zdmciPjwvc3ZnPg==\" style=\"--smush-placeholder-width: 300px; --smush-placeholder-aspect-ratio: 300\/214;\" \/><\/div>\n\t\t<\/a>\n\t\t\t\t<div class=\"elementor-post__text\">\n\t\t\t\t<h3 class=\"elementor-post__title\">\n\t\t\t<a href=\"https:\/\/www.aguedaortega.com\/?p=4441\" >\n\t\t\t\tLa poes\u00eda es un gesto que se aventura\t\t\t<\/a>\n\t\t<\/h3>\n\t\t\t\t<div class=\"elementor-post__meta-data\">\n\t\t\t\t\t<span class=\"elementor-post-date\">\n\t\t\t22 de agosto de 2025\t\t<\/span>\n\t\t\t\t<span class=\"elementor-post-avatar\">\n\t\t\tNo hay comentarios\t\t<\/span>\n\t\t\t\t<\/div>\n\t\t\t\t<div class=\"elementor-post__excerpt\">\n\t\t\t<p>Recital de poemas ero\u0301ticos \u00abMistela\u00bb. Organizado por Asociacio\u0301n Cultural A13, Manilva, M\u00e1laga. \u00abLa poes\u00eda es un gesto que se aventura\u00abPeter Sloterdijk \u00a0 \u00abEl lenguaje no<\/p>\n\t\t<\/div>\n\t\t\n\t\t<a class=\"elementor-post__read-more\" href=\"https:\/\/www.aguedaortega.com\/?p=4441\" >\n\t\t\tRead More \u00bb\t\t<\/a>\n\n\t\t\t\t<\/div>\n\t\t\t\t<\/article>\n\t\t\t\t<article class=\"elementor-post elementor-grid-item post-4107 post type-post status-publish format-standard has-post-thumbnail hentry category-escritura\">\n\t\t\t\t<a class=\"elementor-post__thumbnail__link\" href=\"https:\/\/www.aguedaortega.com\/?p=4107\" >\n\t\t\t<div class=\"elementor-post__thumbnail\"><img decoding=\"async\" width=\"300\" height=\"168\" data-src=\"https:\/\/www.aguedaortega.com\/wp-content\/uploads\/2025\/08\/Visitamos-el-estudio-de-la-artista-y-disenadora-Agueda-Ortega-2.jpeg\" class=\"attachment-medium size-medium wp-image-4297 lazyload\" alt=\"\" src=\"data:image\/svg+xml;base64,PHN2ZyB3aWR0aD0iMSIgaGVpZ2h0PSIxIiB4bWxucz0iaHR0cDovL3d3dy53My5vcmcvMjAwMC9zdmciPjwvc3ZnPg==\" style=\"--smush-placeholder-width: 300px; --smush-placeholder-aspect-ratio: 300\/168;\" \/><\/div>\n\t\t<\/a>\n\t\t\t\t<div class=\"elementor-post__text\">\n\t\t\t\t<h3 class=\"elementor-post__title\">\n\t\t\t<a href=\"https:\/\/www.aguedaortega.com\/?p=4107\" >\n\t\t\t\tUn dise\u00f1o primero se sue\u00f1a\t\t\t<\/a>\n\t\t<\/h3>\n\t\t\t\t<div class=\"elementor-post__meta-data\">\n\t\t\t\t\t<span class=\"elementor-post-date\">\n\t\t\t18 de agosto de 2025\t\t<\/span>\n\t\t\t\t<span class=\"elementor-post-avatar\">\n\t\t\tNo hay comentarios\t\t<\/span>\n\t\t\t\t<\/div>\n\t\t\t\t<div class=\"elementor-post__excerpt\">\n\t\t\t<p>\u00abDise\u00f1ar no es solo resolver problemas, sino crear modelos de existencia.\u00abVil\u00e9m Flusser, \u00abHacia una filosof\u00eda del dise\u00f1o\u00bb \u201cLa\u00a0autenticidad\u00a0no se grita, se vive. Y\u00a0cuando\u00a0se comparte desde<\/p>\n\t\t<\/div>\n\t\t\n\t\t<a class=\"elementor-post__read-more\" href=\"https:\/\/www.aguedaortega.com\/?p=4107\" >\n\t\t\tRead More \u00bb\t\t<\/a>\n\n\t\t\t\t<\/div>\n\t\t\t\t<\/article>\n\t\t\t\t<\/div>\n\t\t\n\t\t\t\t<\/div>\n\t\t\t\t<\/div>\n\t\t\t\t\t<\/div>\n\t\t<\/div>\n\t\t\t\t\t\t\t<\/div>\n\t\t<\/section>\n\t\t\t\t<section class=\"elementor-section elementor-top-section elementor-element elementor-element-f2b41ea elementor-section-boxed elementor-section-height-default elementor-section-height-default\" data-id=\"f2b41ea\" data-element_type=\"section\">\n\t\t\t\t\t\t<div class=\"elementor-container elementor-column-gap-default\">\n\t\t\t\t\t<div class=\"aux-parallax-section elementor-column elementor-col-100 elementor-top-column elementor-element elementor-element-09d0e8e\" data-id=\"09d0e8e\" data-element_type=\"column\">\n\t\t\t<div class=\"elementor-widget-wrap elementor-element-populated\">\n\t\t\t\t\t\t\t\t<div class=\"elementor-element elementor-element-fb4f0f2 elementor-widget elementor-widget-aux_text\" data-id=\"fb4f0f2\" data-element_type=\"widget\" data-widget_type=\"aux_text.default\">\n\t\t\t\t<div class=\"elementor-widget-container\">\n\t\t\t<section class=\"widget-container aux-widget-text aux-parent-au439d936a\">        <div class=\"aux-widget-advanced-text aux-wrap-style-simple aux-ico-pos-top aux-text-center aux-text-resp- aux-text-color-dark aux-text-widget-bg-center  \" >\n        \n                            <div class=\"aux-text-widget-header \"  >\n                        <div class=\"aux-ico-box aux-ico-large aux-img-box aux-ico-shape-circle aux-ico-clear \">\n                                                                <img decoding=\"async\" width=\"150\" height=\"150\" data-src=\"https:\/\/www.aguedaortega.com\/wp-content\/uploads\/2026\/01\/Substack-logo.png\" class=\"aux-attachment aux-featured-image aux-attachment-id-4979 lazyload\" alt=\"Substack logo\" data-srcset=\"https:\/\/www.aguedaortega.com\/wp-content\/uploads\/2026\/01\/Substack-logo.png 150w,https:\/\/www.aguedaortega.com\/wp-content\/uploads\/2026\/01\/Substack-logo.png 300w,https:\/\/www.aguedaortega.com\/wp-content\/uploads\/2026\/01\/Substack-logo.png 765w,https:\/\/www.aguedaortega.com\/wp-content\/uploads\/2026\/01\/Substack-logo.png 150w\" data-ratio=\"1\" data-original-w=\"950\" src=\"data:image\/svg+xml;base64,PHN2ZyB3aWR0aD0iMSIgaGVpZ2h0PSIxIiB4bWxucz0iaHR0cDovL3d3dy53My5vcmcvMjAwMC9zdmciPjwvc3ZnPg==\" style=\"--smush-placeholder-width: 150px; --smush-placeholder-aspect-ratio: 150\/150;\" \/>                                                    <\/div>\n                <\/div>\n            \n            <div class=\"aux-text-inner aux-text-widget-content\">\n                                <h4 class=\"col-title\">Mi espacio de escritura<\/h4>\n                                <div class=\"widget-content\">\n                                        <p data-start=\"466\" data-end=\"560\">Escribo desde la intuici\u00f3n, el cuerpo y la \u00e9tica de estar disponible.<\/p><p data-start=\"1623\" data-end=\"1717\">Si quieres acompa\u00f1ar este proceso, puedes leerme y suscribirte aqu\u00ed:<\/p>                <\/div>\n                <a  href=\"https:\/\/substack.com\/@aguedaortega\" target=\"_self\"   class=\"aux-button aux-large aux-black aux-round aux-outline\" ><span class=\"aux-overlay\"><\/span><span class=\"aux-text\">\u2192 Substack<\/span><\/a>            <\/div>\n        <\/div>\n                    <div class=\"aux-text-widget-footer\">\n                <div class=\"aux-border-shape-none \">\n                                <\/div>\n            <\/div>\n        \n<\/section><!-- widget-container -->\t\t<\/div>\n\t\t\t\t<\/div>\n\t\t\t\t\t<\/div>\n\t\t<\/div>\n\t\t\t\t\t\t\t<\/div>\n\t\t<\/section>\n\t\t\t\t\t\t\t<\/div>\n\t\t","protected":false},"excerpt":{"rendered":"<p>Mi espacio de escritura Escribo desde la intuici\u00f3n, el cuerpo y la \u00e9tica de estar disponible. Si quieres acompa\u00f1ar este proceso, puedes leerme y suscribirte aqu\u00ed: \u2192 Substack<\/p>\n","protected":false},"author":3,"featured_media":0,"parent":0,"menu_order":0,"comment_status":"closed","ping_status":"closed","template":"","meta":{"footnotes":""},"class_list":["post-4103","page","type-page","status-publish","hentry"],"acf":[],"_links":{"self":[{"href":"https:\/\/www.aguedaortega.com\/index.php?rest_route=\/wp\/v2\/pages\/4103","targetHints":{"allow":["GET"]}}],"collection":[{"href":"https:\/\/www.aguedaortega.com\/index.php?rest_route=\/wp\/v2\/pages"}],"about":[{"href":"https:\/\/www.aguedaortega.com\/index.php?rest_route=\/wp\/v2\/types\/page"}],"author":[{"embeddable":true,"href":"https:\/\/www.aguedaortega.com\/index.php?rest_route=\/wp\/v2\/users\/3"}],"replies":[{"embeddable":true,"href":"https:\/\/www.aguedaortega.com\/index.php?rest_route=%2Fwp%2Fv2%2Fcomments&post=4103"}],"version-history":[{"count":64,"href":"https:\/\/www.aguedaortega.com\/index.php?rest_route=\/wp\/v2\/pages\/4103\/revisions"}],"predecessor-version":[{"id":5830,"href":"https:\/\/www.aguedaortega.com\/index.php?rest_route=\/wp\/v2\/pages\/4103\/revisions\/5830"}],"wp:attachment":[{"href":"https:\/\/www.aguedaortega.com\/index.php?rest_route=%2Fwp%2Fv2%2Fmedia&parent=4103"}],"curies":[{"name":"wp","href":"https:\/\/api.w.org\/{rel}","templated":true}]}}