{"id":6111,"date":"2026-03-30T15:02:23","date_gmt":"2026-03-30T15:02:23","guid":{"rendered":"https:\/\/www.aguedaortega.com\/?page_id=6111"},"modified":"2026-03-30T15:44:59","modified_gmt":"2026-03-30T15:44:59","slug":"taller-de-investigacion-en-movimiento-y-danza-butoh","status":"publish","type":"page","link":"https:\/\/www.aguedaortega.com\/?page_id=6111","title":{"rendered":"El espejo infinito del Otro"},"content":{"rendered":"\t\t<div data-elementor-type=\"wp-page\" data-elementor-id=\"6111\" class=\"elementor elementor-6111\">\n\t\t\t\t\t\t\t\t\t<section class=\"elementor-section elementor-top-section elementor-element elementor-element-20666d3 elementor-section-boxed elementor-section-height-default elementor-section-height-default\" data-id=\"20666d3\" data-element_type=\"section\">\n\t\t\t\t\t\t<div class=\"elementor-container elementor-column-gap-default\">\n\t\t\t\t\t<div class=\"aux-parallax-section elementor-column elementor-col-100 elementor-top-column elementor-element elementor-element-6bb165c\" data-id=\"6bb165c\" data-element_type=\"column\">\n\t\t\t<div class=\"elementor-widget-wrap\">\n\t\t\t\t\t\t\t\t\t<\/div>\n\t\t<\/div>\n\t\t\t\t\t\t\t<\/div>\n\t\t<\/section>\n\t\t\t\t<section class=\"elementor-section elementor-top-section elementor-element elementor-element-692c7c5 elementor-section-boxed elementor-section-height-default elementor-section-height-default\" data-id=\"692c7c5\" data-element_type=\"section\">\n\t\t\t\t\t\t<div class=\"elementor-container elementor-column-gap-default\">\n\t\t\t\t\t<div class=\"aux-parallax-section elementor-column elementor-col-100 elementor-top-column elementor-element elementor-element-08a97eb\" data-id=\"08a97eb\" data-element_type=\"column\">\n\t\t\t<div class=\"elementor-widget-wrap elementor-element-populated\">\n\t\t\t\t\t\t\t\t<div class=\"elementor-element elementor-element-aa5cfd9 elementor-widget elementor-widget-spacer\" data-id=\"aa5cfd9\" data-element_type=\"widget\" data-widget_type=\"spacer.default\">\n\t\t\t\t<div class=\"elementor-widget-container\">\n\t\t\t<style>\/*! elementor - v3.11.5 - 14-03-2023 *\/\n.elementor-column .elementor-spacer-inner{height:var(--spacer-size)}.e-con{--container-widget-width:100%}.e-con-inner>.elementor-widget-spacer,.e-con>.elementor-widget-spacer{width:var(--container-widget-width,var(--spacer-size));--align-self:var(--container-widget-align-self,initial);--flex-shrink:0}.e-con-inner>.elementor-widget-spacer>.elementor-widget-container,.e-con-inner>.elementor-widget-spacer>.elementor-widget-container>.elementor-spacer,.e-con>.elementor-widget-spacer>.elementor-widget-container,.e-con>.elementor-widget-spacer>.elementor-widget-container>.elementor-spacer{height:100%}.e-con-inner>.elementor-widget-spacer>.elementor-widget-container>.elementor-spacer>.elementor-spacer-inner,.e-con>.elementor-widget-spacer>.elementor-widget-container>.elementor-spacer>.elementor-spacer-inner{height:var(--container-widget-height,var(--spacer-size))}<\/style>\t\t<div class=\"elementor-spacer\">\n\t\t\t<div class=\"elementor-spacer-inner\"><\/div>\n\t\t<\/div>\n\t\t\t\t<\/div>\n\t\t\t\t<\/div>\n\t\t\t\t<div class=\"elementor-element elementor-element-041e245 elementor-widget elementor-widget-image\" data-id=\"041e245\" data-element_type=\"widget\" data-widget_type=\"image.default\">\n\t\t\t\t<div class=\"elementor-widget-container\">\n\t\t\t<style>\/*! elementor - v3.11.5 - 14-03-2023 *\/\n.elementor-widget-image{text-align:center}.elementor-widget-image a{display:inline-block}.elementor-widget-image a img[src$=\".svg\"]{width:48px}.elementor-widget-image img{vertical-align:middle;display:inline-block}<\/style>\t\t\t\t\t\t\t\t\t<figure class=\"wp-caption\">\n\t\t\t\t\t\t\t\t\t\t<img decoding=\"async\" width=\"860\" height=\"1024\" data-src=\"https:\/\/www.aguedaortega.com\/wp-content\/uploads\/2026\/03\/Talleres-SOMOS-NATURA-danza-butoh-cuadrado-febrero-2026.jpg\" class=\"attachment-large size-large wp-image-6113 lazyload\" alt=\"\" src=\"data:image\/svg+xml;base64,PHN2ZyB3aWR0aD0iMSIgaGVpZ2h0PSIxIiB4bWxucz0iaHR0cDovL3d3dy53My5vcmcvMjAwMC9zdmciPjwvc3ZnPg==\" style=\"--smush-placeholder-width: 860px; --smush-placeholder-aspect-ratio: 860\/1024;\" \/>\t\t\t\t\t\t\t\t\t\t\t<figcaption class=\"widget-image-caption wp-caption-text\">Foto del cartel por Eva Viera.<\/figcaption>\n\t\t\t\t\t\t\t\t\t\t<\/figure>\n\t\t\t\t\t\t\t\t\t<\/div>\n\t\t\t\t<\/div>\n\t\t\t\t<div class=\"elementor-element elementor-element-a3ca1f7 elementor-widget elementor-widget-heading\" data-id=\"a3ca1f7\" data-element_type=\"widget\" data-widget_type=\"heading.default\">\n\t\t\t\t<div class=\"elementor-widget-container\">\n\t\t\t<style>\/*! elementor - v3.11.5 - 14-03-2023 *\/\n.elementor-heading-title{padding:0;margin:0;line-height:1}.elementor-widget-heading .elementor-heading-title[class*=elementor-size-]>a{color:inherit;font-size:inherit;line-height:inherit}.elementor-widget-heading .elementor-heading-title.elementor-size-small{font-size:15px}.elementor-widget-heading .elementor-heading-title.elementor-size-medium{font-size:19px}.elementor-widget-heading .elementor-heading-title.elementor-size-large{font-size:29px}.elementor-widget-heading .elementor-heading-title.elementor-size-xl{font-size:39px}.elementor-widget-heading .elementor-heading-title.elementor-size-xxl{font-size:59px}<\/style><h2 class=\"elementor-heading-title elementor-size-default\">EL ESPEJO INFINITO DEL OTRO<\/h2>\t\t<\/div>\n\t\t\t\t<\/div>\n\t\t\t\t<div class=\"elementor-element elementor-element-f1a6ff2 elementor-widget elementor-widget-text-editor\" data-id=\"f1a6ff2\" data-element_type=\"widget\" data-widget_type=\"text-editor.default\">\n\t\t\t\t<div class=\"elementor-widget-container\">\n\t\t\t<style>\/*! elementor - v3.11.5 - 14-03-2023 *\/\n.elementor-widget-text-editor.elementor-drop-cap-view-stacked .elementor-drop-cap{background-color:#818a91;color:#fff}.elementor-widget-text-editor.elementor-drop-cap-view-framed .elementor-drop-cap{color:#818a91;border:3px solid;background-color:transparent}.elementor-widget-text-editor:not(.elementor-drop-cap-view-default) .elementor-drop-cap{margin-top:8px}.elementor-widget-text-editor:not(.elementor-drop-cap-view-default) .elementor-drop-cap-letter{width:1em;height:1em}.elementor-widget-text-editor .elementor-drop-cap{float:left;text-align:center;line-height:1;font-size:50px}.elementor-widget-text-editor .elementor-drop-cap-letter{display:inline-block}<\/style>\t\t\t\t<p style=\"text-align: center;\">Taller de creaci\u00f3n y pensamiento en movimiento <br \/>a trav\u00e9s del Butoh, la Improvisaci\u00f3n y la Otredad.<\/p>\t\t\t\t\t\t<\/div>\n\t\t\t\t<\/div>\n\t\t\t\t<div class=\"elementor-element elementor-element-d4b4ab3 elementor-widget elementor-widget-text-editor\" data-id=\"d4b4ab3\" data-element_type=\"widget\" data-widget_type=\"text-editor.default\">\n\t\t\t\t<div class=\"elementor-widget-container\">\n\t\t\t\t\t\t\t<p style=\"text-align: center;\"><span style=\"font-weight: 400;\">Mi\u00e9rcoles de abril <br \/><\/span><span style=\"font-weight: 400;\">08, 15, 22 y 29<br \/><br \/><\/span><span style=\"font-weight: 400;\">Talleres de 2 horas, de 19h a 21h<br \/><\/span><span style=\"font-weight: 400;\">Ciclo completo 60 euros \/ Clase suelta 16 euros<br \/><\/span><span style=\"font-weight: 400;\">Sala: EnMovimiento, M\u00e1laga-Teatinos.<\/span><span style=\"font-weight: 400;\"><br \/><\/span><\/p><p style=\"text-align: center;\">\u00a0<\/p><p><i><span style=\"font-weight: 400;\">\u201cEl espejo infinito del otro\u201d <\/span><\/i><span style=\"font-weight: 400;\">es una sesi\u00f3n inspirada en mis procesos creativos interdisciplinares, y en concreto en la investigaci\u00f3n de las voces enquistadas en el cuerpo a trav\u00e9s del pensar en movimiento y de la pr\u00e1ctica de la expansi\u00f3n de la percepci\u00f3n.\u00a0<\/span><\/p><p><span style=\"font-weight: 400;\">En este espacio la t\u00e9cnica y el artista est\u00e1n al servicio de lo que est\u00e1 por nacer. Trabajaremos a trav\u00e9s de una escucha radical del otro y de la interioridad. Y pondremos el foco en lo emergente, y a nosotros al servicio de la obra.\u00a0<\/span><\/p><p><span style=\"font-weight: 400;\">Un laboratorio de investigaci\u00f3n corporal dirigido a pensadoras, artistas y curiosas, que deseen explorar lo que necesita ser atendido desde el movimiento, desde la acci\u00f3n creativa y desde otros cuerpos en relaci\u00f3n.<\/span><\/p><p><span style=\"font-weight: 400;\">Aprovechando la disponibilidad grupal, que amplifica de manera exponencial los descubrimientos, nos zambulliremos en la Otredad. Un tiempo para explorar tu sue\u00f1o o nudo ps\u00edquico desde \u00e1ngulos invisibles para uno mismo.\u00a0<\/span><\/p><p><span style=\"font-weight: 400;\">La pensadora Marina Garc\u00e9s dice que <em>hay mundo com\u00fan donde aquello que yo no puedo ver involucra la presencia de otro al que no puedo poseer<\/em>. En este taller nos situaremos en esas periferias de nuestras percepciones, desde donde nos hacemos permeables a otras miradas sobre lo que nos es emergente atender.\u00a0<\/span><\/p><p><span style=\"font-weight: 400;\">Jugaremos al gran S\u00ed a la vida. Iniciaremos la sesi\u00f3n con t\u00e9cnicas som\u00e1ticas y de contacto para luego ir trazando un mapa con notas, palabras, dibujos, acciones y danzas que ir\u00e1n desvelando el mundo de la cuesti\u00f3n que traemos.\u00a0<\/span><\/p><p><span style=\"font-weight: 400;\">El <\/span><b>butoh<\/b><span style=\"font-weight: 400;\"> nos facilitar\u00e1 el pensar en movimiento, atravesando los l\u00edmites de lo esperado y entrando en realidades de la naturaleza que somos que no contemplamos desde la mente domesticada.\u00a0<\/span><\/p><p><span style=\"font-weight: 400;\">La <\/span><b>improvisaci\u00f3n<\/b><span style=\"font-weight: 400;\"> nos permitir\u00e1 continuar la investigaci\u00f3n por caminos ya disponibles, sin quedar atrapados en el t\u00edpico miedo a la p\u00e1gina en blanco o en el claustro de la mente en el individualismo.\u00a0<\/span><\/p><p><span style=\"font-weight: 400;\">La <\/span><b>expansi\u00f3n de la percepci\u00f3n<\/b><span style=\"font-weight: 400;\">, y en concreto, la escucha radical y la visi\u00f3n perif\u00e9rica, nos ayudar\u00e1 a disipar la voz dominante y que la abundancia del ecosistema subconsciente se despliegue en el espacio com\u00fan.<\/span><\/p><p><span style=\"font-weight: 400;\">El objetivo no es producir material terminado, sino expandir la percepci\u00f3n, cuestionar la subjetividad fija y entrenar la disponibilidad corporal como base del acto creativo.<\/span><\/p><p><span style=\"font-weight: 400;\">Un cultivo creativo de otras maneras posibles de relacionarnos desde la creatividad innata, con lo propio y con lo com\u00fan.<\/span><\/p><p><span style=\"font-weight: 400;\">\u00bfJugamos?<\/span><\/p><p style=\"text-align: left;\">\u00a0<\/p><p style=\"text-align: left;\"><span style=\"font-weight: 400;\"><strong>Info y reservas:<\/strong> (+34) 691 325 827<\/span><span style=\"font-weight: 400;\"><br \/><\/span><span style=\"font-weight: 400;\"><strong>Aforo m\u00e1ximo:<\/strong> 10\u00a0<\/span><\/p><p style=\"text-align: left;\"><span style=\"font-weight: 400;\"><strong>D\u00f3nde:<\/strong> Sala EnMovimiento<\/span><span style=\"font-weight: 400;\"><br \/><\/span><span style=\"font-weight: 400;\">C\/ Francisco Barbin 14, Teatinos, M\u00e1laga<\/span><span style=\"font-weight: 400;\"><br \/><\/span><span style=\"font-weight: 400;\">*<\/span><span style=\"font-weight: 400;\">D\u00eda 08 programado dentro del festival \u201cMundos y Cuerpos\u201d<\/span><\/p><p>\u00a0<\/p><p><b>Facilita: \u00c1gueda Ortega<\/b><\/p><p><span style=\"font-weight: 400;\">Artista e investigadora en movimiento. Trabajo desde la improvisaci\u00f3n. Contemplo la acci\u00f3n art\u00edstica como medio de liberaci\u00f3n. El proceso creativo es para mi lo importante, la t\u00e9cnica y el resultado es la consecuencia de una entrega honesta a lo que arde por nacer.<\/span><\/p><p><span style=\"font-weight: 400;\">Piezas destacadas: Fuera de juego. Estas tetas son m\u00edas (performance), Muda (danza butoh), El laberinto de Ariadna (escultura), La mujer muralla (poes\u00eda), Somos Natura (talleres), La Noche Bosca (espacio de artes vivas).<\/span><\/p><p><a href=\"https:\/\/www.instagram.com\/agueda_om\/\"><span style=\"font-weight: 400;\">@agueda_om<\/span><\/a><span style=\"font-weight: 400;\">\u00a0 \/ <\/span><a href=\"https:\/\/www.instagram.com\/somosnatura_arts\/\"><span style=\"font-weight: 400;\">@somosnatura_arts<\/span><\/a><span style=\"font-weight: 400;\"> \/ <a href=\"https:\/\/www.instagram.com\/lanochebosca_lab\/\">@<\/a><\/span><a href=\"https:\/\/www.instagram.com\/lanochebosca_lab\/\">lanochebosca_lab<\/a><\/p><p class=\"p1\">\u00a0<\/p>\t\t\t\t\t\t<\/div>\n\t\t\t\t<\/div>\n\t\t\t\t\t<\/div>\n\t\t<\/div>\n\t\t\t\t\t\t\t<\/div>\n\t\t<\/section>\n\t\t\t\t<section class=\"elementor-section elementor-top-section elementor-element elementor-element-f417466 elementor-section-boxed elementor-section-height-default elementor-section-height-default\" data-id=\"f417466\" data-element_type=\"section\">\n\t\t\t\t\t\t<div class=\"elementor-container elementor-column-gap-default\">\n\t\t\t\t\t<div class=\"aux-parallax-section elementor-column elementor-col-100 elementor-top-column elementor-element elementor-element-984eaf7\" data-id=\"984eaf7\" data-element_type=\"column\">\n\t\t\t<div class=\"elementor-widget-wrap elementor-element-populated\">\n\t\t\t\t\t\t\t\t<div class=\"elementor-element elementor-element-534103e elementor-widget elementor-widget-spacer\" data-id=\"534103e\" data-element_type=\"widget\" data-widget_type=\"spacer.default\">\n\t\t\t\t<div class=\"elementor-widget-container\">\n\t\t\t\t\t<div class=\"elementor-spacer\">\n\t\t\t<div class=\"elementor-spacer-inner\"><\/div>\n\t\t<\/div>\n\t\t\t\t<\/div>\n\t\t\t\t<\/div>\n\t\t\t\t\t<\/div>\n\t\t<\/div>\n\t\t\t\t\t\t\t<\/div>\n\t\t<\/section>\n\t\t\t\t\t\t\t<\/div>\n\t\t","protected":false},"excerpt":{"rendered":"<p>Foto del cartel por Eva Viera. EL ESPEJO INFINITO DEL OTRO Taller de creaci\u00f3n y pensamiento en movimiento a trav\u00e9s del Butoh, la Improvisaci\u00f3n y la Otredad. Mi\u00e9rcoles de abril 08, 15, 22 y 29 Talleres de 2 horas, de 19h a 21hCiclo completo 60 euros \/ Clase suelta 16 eurosSala: EnMovimiento, M\u00e1laga-Teatinos. \u00a0 \u201cEl [&hellip;]<\/p>\n","protected":false},"author":3,"featured_media":6113,"parent":37,"menu_order":0,"comment_status":"closed","ping_status":"closed","template":"elementor_header_footer","meta":{"footnotes":""},"class_list":["post-6111","page","type-page","status-publish","has-post-thumbnail","hentry"],"acf":[],"_links":{"self":[{"href":"https:\/\/www.aguedaortega.com\/index.php?rest_route=\/wp\/v2\/pages\/6111","targetHints":{"allow":["GET"]}}],"collection":[{"href":"https:\/\/www.aguedaortega.com\/index.php?rest_route=\/wp\/v2\/pages"}],"about":[{"href":"https:\/\/www.aguedaortega.com\/index.php?rest_route=\/wp\/v2\/types\/page"}],"author":[{"embeddable":true,"href":"https:\/\/www.aguedaortega.com\/index.php?rest_route=\/wp\/v2\/users\/3"}],"replies":[{"embeddable":true,"href":"https:\/\/www.aguedaortega.com\/index.php?rest_route=%2Fwp%2Fv2%2Fcomments&post=6111"}],"version-history":[{"count":11,"href":"https:\/\/www.aguedaortega.com\/index.php?rest_route=\/wp\/v2\/pages\/6111\/revisions"}],"predecessor-version":[{"id":6138,"href":"https:\/\/www.aguedaortega.com\/index.php?rest_route=\/wp\/v2\/pages\/6111\/revisions\/6138"}],"up":[{"embeddable":true,"href":"https:\/\/www.aguedaortega.com\/index.php?rest_route=\/wp\/v2\/pages\/37"}],"wp:featuredmedia":[{"embeddable":true,"href":"https:\/\/www.aguedaortega.com\/index.php?rest_route=\/wp\/v2\/media\/6113"}],"wp:attachment":[{"href":"https:\/\/www.aguedaortega.com\/index.php?rest_route=%2Fwp%2Fv2%2Fmedia&parent=6111"}],"curies":[{"name":"wp","href":"https:\/\/api.w.org\/{rel}","templated":true}]}}